{"id":2612,"date":"2025-07-11T10:34:03","date_gmt":"2025-07-11T08:34:03","guid":{"rendered":"https:\/\/oxfam.symbiotisk.net\/en\/?page_id=2612"},"modified":"2025-08-11T10:06:29","modified_gmt":"2025-08-11T08:06:29","slug":"cookies","status":"publish","type":"page","link":"https:\/\/oxfam.symbiotisk.net\/en\/cookies\/","title":{"rendered":"Cookies &#8211; skal opdateres"},"content":{"rendered":"\n<h1 class=\"wp-block-heading\">Cookies<\/h1>\n\n\n\n<p>Vi bruger cookies p\u00e5 Oxfam&nbsp;Danmarks hjemmeside. Cookies er n\u00f8dvendige for at f\u00e5 hjemmesiden til at fungere, men de giver ogs\u00e5 information om, hvordan du bruger siden, s\u00e5 vi l\u00f8bende kan forbedre den. Cookies p\u00e5 oxfam.symbiotisk.net bruges blandt andet til optimering af indholdet og trafikm\u00e5ling gennem Google Analytics.<\/p>\n\n\n\n<p>P\u00e5 siden her kan du se hvilke typer af cookies, vi anvender, hvor de kommer fra, og hvordan du evt. kan frav\u00e6lge dem.<\/p>\n\n\n\n<h2 class=\"wp-block-heading\">Oversigt:<\/h2>\n\n\n\n<ol class=\"wp-block-list\">\n<li>Hvad er cookies?<\/li>\n\n\n\n<li>S\u00e5dan sletter eller blokerer du for cookies<\/li>\n\n\n\n<li>Typer af cookies p\u00e5 vores hjemmeside<\/li>\n\n\n\n<li>Systemets egne cookies<\/li>\n\n\n\n<li>Trafikm\u00e5ling og m\u00e5lretning<\/li>\n\n\n\n<li>Sociale medier<\/li>\n\n\n\n<li>Indlejrede tjenester<\/li>\n\n\n\n<li>Ejeroplysninger<\/li>\n<\/ol>\n\n\n\n<h2 class=\"wp-block-heading\">1. Hvad er cookies?<\/h2>\n\n\n\n<p>En cookie er en lille tekstfil, der lagres p\u00e5 din computer eller mobiltelefon, n\u00e5r du bes\u00f8ger hjemmesider. Form\u00e5let er at kunne genkende enheden. Der er ingen personlige oplysninger gemt i vores cookies, og de kan ikke indeholde virus.<\/p>\n\n\n\n<h2 class=\"wp-block-heading\">2. S\u00e5dan sletter eller blokerer du for cookies<\/h2>\n\n\n\n<p>Som bruger kan du selv bestemme, om du vil acceptere eller slette alle cookies, eller kontrollere det individuelt for hver enkelt hjemmeside. Du kan foretage individuelle indstillinger i dine browserindstillinger.<\/p>\n\n\n\n<h2 class=\"wp-block-heading\">3. Typer af cookies p\u00e5 vores hjemmeside:<\/h2>\n\n\n\n<ul class=\"wp-block-list is-style-has-large-bullet\">\n<li>Systemets egne cookies: Det er dem, der sikrer, at alt p\u00e5 hjemmesiden fungerer, som du forventer det<\/li>\n\n\n\n<li>Trafikm\u00e5lings-cookies: Giver os oplysninger om fx bes\u00f8gstal, trafikm\u00e5ling og brug af device.<\/li>\n\n\n\n<li>Cookies fra sociale medier: G\u00f8r det muligt at tracke brugere fra Facebook til hjemmesiden.<\/li>\n\n\n\n<li>Cookies fra indlejrede tjenester: Sikrer funktionaliteten af indlejrede tjenester<\/li>\n<\/ul>\n\n\n\n<h3 class=\"wp-block-heading\">3.1 Systemets egne cookies<\/h3>\n\n\n\n<p>Oxfam\u00a0Danmarks hjemmesider er bygget i systemet Statamic, der benytter en r\u00e6kke cookies til at optimere brugeroplevelsen. Statamic cookies s\u00f8rger blandt andet for at forudfylde formularer med information, som du tidligere har indtastet<\/p>\n\n\n\n<h3 class=\"wp-block-heading\">3.2 Trafikm\u00e5ling<\/h3>\n\n\n\n<p>Oxfam&nbsp;Danmarks hjemmesider bruger cookies fra Google Analytics 4 til at m\u00e5le trafikken.<\/p>\n\n\n\n<p>Form\u00e5let med bes\u00f8gsstatistikken er at blive klogere p\u00e5 hvor mange mennesker, der bes\u00f8ger hjemmesiderne, hvilken type teknologi, de bruger (f.eks Mac eller Windows), hvor lang tid, de bruger p\u00e5 sitet, hvilke sider de ser p\u00e5, m.m. Dette hj\u00e6lper os til l\u00f8bende at forbedre vores hjemmeside og giver os mulighed for at optimere indholdet til dig.<\/p>\n\n\n\n<p><a target=\"_blank\" href=\"https:\/\/tools.google.com\/dlpage\/gaoptout\" rel=\"noreferrer noopener\">Du kan frav\u00e6lge cookies fra Google Analytics her<\/a><\/p>\n\n\n\n<h2 class=\"wp-block-heading\">4. Ejeroplysninger<\/h2>\n\n\n\n<p><strong>Oxfam\u00a0Danmark<br><\/strong>Vesterbrogade 2B<br>1620 K\u00f8benhavn V<br>Danmark<\/p>\n\n\n\n<p>Telefon: +45 35 35 87 88<\/p>\n\n\n\n<p>E-mail:&nbsp;<a href=\"mailto:oxfamibis@oxfam.dk\">oxfam@oxfam.dk<\/a><\/p>\n\n\n\n<h3 class=\"wp-block-heading\">Sp\u00f8rgsm\u00e5l<\/h3>\n\n\n\n<p>Har du kommentarer eller sp\u00f8rgsm\u00e5l i forbindelse med vores information og\/eller behandling af personlige oplysninger, er du velkommen til at kontakte os. Selve cookiepolitikken bliver opdateret hver m\u00e5ned af Cookiebot.<\/p>\n\n\n\n<h2 class=\"wp-block-heading\">5. Information om brugte cookies<\/h2>\n\n\n\n<p>Denne hjemmeside bruger cookies.<\/p>\n\n\n\n<p>Vi bruger cookies til at analysere trafik p\u00e5 siden, tilpasse indhold og vise funktioner fra sociale medier. Du samtykker til cookies, hvis du forts\u00e6tter med at anvende siden.&nbsp;<\/p>\n\n\n\n<p>Du kan til enhver tid \u00e6ndre eller tr\u00e6kke dit samtykke tilbage.&nbsp;<\/p>\n\n\n\n<p>Cookies er sm\u00e5 tekstfiler, som kan bruges af websteder til at g\u00f8re en brugers oplevelse mere effektiv.<br><br>Loven fastsl\u00e5r, at vi kan gemme cookies p\u00e5 din enhed, hvis de er strengt n\u00f8dvendige for at sikre leveringen af den tjeneste, du udtrykkeligt har anmodet om at bruge. For alle andre typer cookies skal vi indhente dit samtykke.<br><br>Dette websted bruger forskellige typer af cookies. Nogle cookies s\u00e6ttes af tredjeparts tjenester, der vises p\u00e5 vores sider.<br><br>Du kan til enhver tid \u00e6ndre eller tilbagetr\u00e6kke dit samtykke fra Cookiedeklarationen p\u00e5 vores hjemmeside.<br><br>F\u00e5 mere at vide om, hvem vi er, hvordan du kan kontakte os, og hvordan vi behandler persondata i vores\u00a0<a href=\"https:\/\/oxfam.symbiotisk.net\/en\/persondata-og-privatlivspolitik\/\" data-type=\"page\" data-id=\"2607\">Privatlivspolitik.<\/a><\/p>\n\n\n\n<p>Dit samtykke g\u00e6lder for f\u00f8lgende dom\u00e6ner: oxfam.symbiotisk.net<\/p>\n\n\n\n<p>Din aktuelle tilstand: Tillad alle.&nbsp;<\/p>\n\n\n\n<p id=\"CookieDeclarationConsentIdAndDate\">Dit samtykke-ID:&nbsp;1KXzex9gPZl99+iQUFij+Fk3FspAh\/QJBQclEkbdNiZAUUpI231EWQ==Dato for samtykke:&nbsp;mandag den 3. februar 2025 kl. 09.22.14 CET<\/p>\n\n\n\n<p><a href=\"https:\/\/oxfam.symbiotisk.net\/cookies#\">\u00c6ndring af dit samtykke<\/a>&nbsp;&nbsp;|&nbsp;&nbsp;<a href=\"https:\/\/oxfam.symbiotisk.net\/cookies#\">Tr\u00e6k dit samtykke tilbage<\/a><\/p>\n\n\n\n<p>Cookiedeklarationen er sidst opdateret d. 26.06.2025 af&nbsp;<a href=\"https:\/\/www.cookiebot.com\/\" target=\"_blank\" rel=\"noreferrer noopener\">Cookiebot<\/a>:<\/p>\n","protected":false},"excerpt":{"rendered":"<p>Cookies Vi bruger cookies p\u00e5 Oxfam&nbsp;Danmarks hjemmeside. Cookies er n\u00f8dvendige for at f\u00e5 hjemmesiden til at fungere, men de giver ogs\u00e5 information om, hvordan du bruger siden, s\u00e5 vi l\u00f8bende kan forbedre den. Cookies p\u00e5 oxfam.symbiotisk.net bruges blandt andet til optimering af indholdet og trafikm\u00e5ling gennem Google Analytics. P\u00e5 siden her kan du se hvilke [&hellip;]<\/p>\n","protected":false},"author":7,"featured_media":853,"parent":0,"menu_order":0,"comment_status":"closed","ping_status":"closed","template":"","meta":{"_acf_changed":false,"_relevanssi_hide_post":"","_relevanssi_hide_content":"","_relevanssi_pin_for_all":"","_relevanssi_pin_keywords":"","_relevanssi_unpin_keywords":"","_relevanssi_related_keywords":"","_relevanssi_related_include_ids":"","_relevanssi_related_exclude_ids":"","_relevanssi_related_no_append":"","_relevanssi_related_not_related":"","_relevanssi_related_posts":"1507,1556,1230,2488,1273,1251","_relevanssi_noindex_reason":"","editor_notices":[],"footnotes":""},"coauthors":[105],"class_list":["post-2612","page","type-page","status-publish","has-post-thumbnail","hentry"],"acf":[],"yoast_head":"<!-- This site is optimized with the Yoast SEO Premium plugin v26.3 (Yoast SEO v26.3) - https:\/\/yoast.com\/wordpress\/plugins\/seo\/ -->\n<title>Cookies - skal opdateres | Oxfam Denmark<\/title>\n<meta name=\"robots\" content=\"index, follow, max-snippet:-1, max-image-preview:large, max-video-preview:-1\" \/>\n<link rel=\"canonical\" href=\"https:\/\/oxfam.symbiotisk.net\/en\/cookies\/\" \/>\n<meta property=\"og:locale\" content=\"en_GB\" \/>\n<meta property=\"og:type\" content=\"article\" \/>\n<meta property=\"og:title\" content=\"Cookies - skal opdateres\" \/>\n<meta property=\"og:description\" content=\"Cookies Vi bruger cookies p\u00e5 Oxfam&nbsp;Danmarks hjemmeside. Cookies er n\u00f8dvendige for at f\u00e5 hjemmesiden til at fungere, men de giver ogs\u00e5 information om, hvordan du bruger siden, s\u00e5 vi l\u00f8bende kan forbedre den. Cookies p\u00e5 oxfam.symbiotisk.net bruges blandt andet til optimering af indholdet og trafikm\u00e5ling gennem Google Analytics. P\u00e5 siden her kan du se hvilke [&hellip;]\" \/>\n<meta property=\"og:url\" content=\"https:\/\/oxfam.symbiotisk.net\/en\/cookies\/\" \/>\n<meta property=\"og:site_name\" content=\"Oxfam Denmark\" \/>\n<meta property=\"article:modified_time\" content=\"2025-08-11T08:06:29+00:00\" \/>\n<meta property=\"og:image\" content=\"https:\/\/oxfam.symbiotisk.net\/en\/wp-content\/uploads\/sites\/2\/2025\/05\/YXNzZXRzL294ZmFtLWRhbm1hcmstZGVmYXVsdC1iaWxsZWRlLmpwZw.webp\" \/>\n\t<meta property=\"og:image:width\" content=\"610\" \/>\n\t<meta property=\"og:image:height\" content=\"407\" \/>\n\t<meta property=\"og:image:type\" content=\"image\/webp\" \/>\n<meta name=\"twitter:card\" content=\"summary_large_image\" \/>\n<meta name=\"twitter:label1\" content=\"Estimated reading time\" \/>\n\t<meta name=\"twitter:data1\" content=\"3 minutes\" \/>\n\t<meta name=\"twitter:label2\" content=\"Written by\" \/>\n\t<meta name=\"twitter:data2\" content=\"Oxfam Danmark\" \/>\n<script type=\"application\/ld+json\" class=\"yoast-schema-graph\">{\"@context\":\"https:\/\/schema.org\",\"@graph\":[{\"@type\":\"WebPage\",\"@id\":\"https:\/\/oxfam.symbiotisk.net\/en\/cookies\/\",\"url\":\"https:\/\/oxfam.symbiotisk.net\/en\/cookies\/\",\"name\":\"Cookies - skal opdateres | Oxfam Denmark\",\"isPartOf\":{\"@id\":\"https:\/\/oxfam.symbiotisk.net\/en\/#website\"},\"primaryImageOfPage\":{\"@id\":\"https:\/\/oxfam.symbiotisk.net\/en\/cookies\/#primaryimage\"},\"image\":{\"@id\":\"https:\/\/oxfam.symbiotisk.net\/en\/cookies\/#primaryimage\"},\"thumbnailUrl\":\"https:\/\/oxfam.symbiotisk.net\/en\/wp-content\/uploads\/sites\/2\/2025\/05\/YXNzZXRzL294ZmFtLWRhbm1hcmstZGVmYXVsdC1iaWxsZWRlLmpwZw.webp\",\"datePublished\":\"2025-07-11T08:34:03+00:00\",\"dateModified\":\"2025-08-11T08:06:29+00:00\",\"breadcrumb\":{\"@id\":\"https:\/\/oxfam.symbiotisk.net\/en\/cookies\/#breadcrumb\"},\"inLanguage\":\"en-GB\",\"potentialAction\":[{\"@type\":\"ReadAction\",\"target\":[\"https:\/\/oxfam.symbiotisk.net\/en\/cookies\/\"]}]},{\"@type\":\"ImageObject\",\"inLanguage\":\"en-GB\",\"@id\":\"https:\/\/oxfam.symbiotisk.net\/en\/cookies\/#primaryimage\",\"url\":\"https:\/\/oxfam.symbiotisk.net\/en\/wp-content\/uploads\/sites\/2\/2025\/05\/YXNzZXRzL294ZmFtLWRhbm1hcmstZGVmYXVsdC1iaWxsZWRlLmpwZw.webp\",\"contentUrl\":\"https:\/\/oxfam.symbiotisk.net\/en\/wp-content\/uploads\/sites\/2\/2025\/05\/YXNzZXRzL294ZmFtLWRhbm1hcmstZGVmYXVsdC1iaWxsZWRlLmpwZw.webp\",\"width\":610,\"height\":407},{\"@type\":\"BreadcrumbList\",\"@id\":\"https:\/\/oxfam.symbiotisk.net\/en\/cookies\/#breadcrumb\",\"itemListElement\":[{\"@type\":\"ListItem\",\"position\":1,\"name\":\"Hjem\",\"item\":\"https:\/\/oxfam.symbiotisk.net\/en\/\"},{\"@type\":\"ListItem\",\"position\":2,\"name\":\"Cookies &#8211; skal opdateres\"}]},{\"@type\":\"WebSite\",\"@id\":\"https:\/\/oxfam.symbiotisk.net\/en\/#website\",\"url\":\"https:\/\/oxfam.symbiotisk.net\/en\/\",\"name\":\"Oxfam Denmark\",\"description\":\"We fight inequality and injustice\",\"publisher\":{\"@id\":\"https:\/\/oxfam.symbiotisk.net\/en\/#organization\"},\"potentialAction\":[{\"@type\":\"SearchAction\",\"target\":{\"@type\":\"EntryPoint\",\"urlTemplate\":\"https:\/\/oxfam.symbiotisk.net\/en\/?s={search_term_string}\"},\"query-input\":{\"@type\":\"PropertyValueSpecification\",\"valueRequired\":true,\"valueName\":\"search_term_string\"}}],\"inLanguage\":\"en-GB\"},{\"@type\":\"Organization\",\"@id\":\"https:\/\/oxfam.symbiotisk.net\/en\/#organization\",\"name\":\"Oxfam Denmark\",\"url\":\"https:\/\/oxfam.symbiotisk.net\/en\/\",\"logo\":{\"@type\":\"ImageObject\",\"inLanguage\":\"en-GB\",\"@id\":\"https:\/\/oxfam.symbiotisk.net\/en\/#\/schema\/logo\/image\/\",\"url\":\"https:\/\/oxfam.symbiotisk.net\/en\/wp-content\/uploads\/sites\/2\/2025\/08\/logo-en.svg\",\"contentUrl\":\"https:\/\/oxfam.symbiotisk.net\/en\/wp-content\/uploads\/sites\/2\/2025\/08\/logo-en.svg\",\"width\":141,\"height\":60,\"caption\":\"Oxfam Denmark\"},\"image\":{\"@id\":\"https:\/\/oxfam.symbiotisk.net\/en\/#\/schema\/logo\/image\/\"}}]}<\/script>\n<!-- \/ Yoast SEO Premium plugin. -->","yoast_head_json":{"title":"Cookies - skal opdateres | Oxfam Denmark","robots":{"index":"index","follow":"follow","max-snippet":"max-snippet:-1","max-image-preview":"max-image-preview:large","max-video-preview":"max-video-preview:-1"},"canonical":"https:\/\/oxfam.symbiotisk.net\/en\/cookies\/","og_locale":"en_GB","og_type":"article","og_title":"Cookies - skal opdateres","og_description":"Cookies Vi bruger cookies p\u00e5 Oxfam&nbsp;Danmarks hjemmeside. Cookies er n\u00f8dvendige for at f\u00e5 hjemmesiden til at fungere, men de giver ogs\u00e5 information om, hvordan du bruger siden, s\u00e5 vi l\u00f8bende kan forbedre den. Cookies p\u00e5 oxfam.symbiotisk.net bruges blandt andet til optimering af indholdet og trafikm\u00e5ling gennem Google Analytics. P\u00e5 siden her kan du se hvilke [&hellip;]","og_url":"https:\/\/oxfam.symbiotisk.net\/en\/cookies\/","og_site_name":"Oxfam Denmark","article_modified_time":"2025-08-11T08:06:29+00:00","og_image":[{"width":610,"height":407,"url":"https:\/\/oxfam.symbiotisk.net\/en\/wp-content\/uploads\/sites\/2\/2025\/05\/YXNzZXRzL294ZmFtLWRhbm1hcmstZGVmYXVsdC1iaWxsZWRlLmpwZw.webp","type":"image\/webp"}],"twitter_card":"summary_large_image","twitter_misc":{"Estimated reading time":"3 minutes","Written by":"Oxfam Danmark"},"schema":{"@context":"https:\/\/schema.org","@graph":[{"@type":"WebPage","@id":"https:\/\/oxfam.symbiotisk.net\/en\/cookies\/","url":"https:\/\/oxfam.symbiotisk.net\/en\/cookies\/","name":"Cookies - skal opdateres | Oxfam Denmark","isPartOf":{"@id":"https:\/\/oxfam.symbiotisk.net\/en\/#website"},"primaryImageOfPage":{"@id":"https:\/\/oxfam.symbiotisk.net\/en\/cookies\/#primaryimage"},"image":{"@id":"https:\/\/oxfam.symbiotisk.net\/en\/cookies\/#primaryimage"},"thumbnailUrl":"https:\/\/oxfam.symbiotisk.net\/en\/wp-content\/uploads\/sites\/2\/2025\/05\/YXNzZXRzL294ZmFtLWRhbm1hcmstZGVmYXVsdC1iaWxsZWRlLmpwZw.webp","datePublished":"2025-07-11T08:34:03+00:00","dateModified":"2025-08-11T08:06:29+00:00","breadcrumb":{"@id":"https:\/\/oxfam.symbiotisk.net\/en\/cookies\/#breadcrumb"},"inLanguage":"en-GB","potentialAction":[{"@type":"ReadAction","target":["https:\/\/oxfam.symbiotisk.net\/en\/cookies\/"]}]},{"@type":"ImageObject","inLanguage":"en-GB","@id":"https:\/\/oxfam.symbiotisk.net\/en\/cookies\/#primaryimage","url":"https:\/\/oxfam.symbiotisk.net\/en\/wp-content\/uploads\/sites\/2\/2025\/05\/YXNzZXRzL294ZmFtLWRhbm1hcmstZGVmYXVsdC1iaWxsZWRlLmpwZw.webp","contentUrl":"https:\/\/oxfam.symbiotisk.net\/en\/wp-content\/uploads\/sites\/2\/2025\/05\/YXNzZXRzL294ZmFtLWRhbm1hcmstZGVmYXVsdC1iaWxsZWRlLmpwZw.webp","width":610,"height":407},{"@type":"BreadcrumbList","@id":"https:\/\/oxfam.symbiotisk.net\/en\/cookies\/#breadcrumb","itemListElement":[{"@type":"ListItem","position":1,"name":"Hjem","item":"https:\/\/oxfam.symbiotisk.net\/en\/"},{"@type":"ListItem","position":2,"name":"Cookies &#8211; skal opdateres"}]},{"@type":"WebSite","@id":"https:\/\/oxfam.symbiotisk.net\/en\/#website","url":"https:\/\/oxfam.symbiotisk.net\/en\/","name":"Oxfam Denmark","description":"We fight inequality and injustice","publisher":{"@id":"https:\/\/oxfam.symbiotisk.net\/en\/#organization"},"potentialAction":[{"@type":"SearchAction","target":{"@type":"EntryPoint","urlTemplate":"https:\/\/oxfam.symbiotisk.net\/en\/?s={search_term_string}"},"query-input":{"@type":"PropertyValueSpecification","valueRequired":true,"valueName":"search_term_string"}}],"inLanguage":"en-GB"},{"@type":"Organization","@id":"https:\/\/oxfam.symbiotisk.net\/en\/#organization","name":"Oxfam Denmark","url":"https:\/\/oxfam.symbiotisk.net\/en\/","logo":{"@type":"ImageObject","inLanguage":"en-GB","@id":"https:\/\/oxfam.symbiotisk.net\/en\/#\/schema\/logo\/image\/","url":"https:\/\/oxfam.symbiotisk.net\/en\/wp-content\/uploads\/sites\/2\/2025\/08\/logo-en.svg","contentUrl":"https:\/\/oxfam.symbiotisk.net\/en\/wp-content\/uploads\/sites\/2\/2025\/08\/logo-en.svg","width":141,"height":60,"caption":"Oxfam Denmark"},"image":{"@id":"https:\/\/oxfam.symbiotisk.net\/en\/#\/schema\/logo\/image\/"}}]}},"_links":{"self":[{"href":"https:\/\/oxfam.symbiotisk.net\/en\/wp-json\/wp\/v2\/pages\/2612","targetHints":{"allow":["GET"]}}],"collection":[{"href":"https:\/\/oxfam.symbiotisk.net\/en\/wp-json\/wp\/v2\/pages"}],"about":[{"href":"https:\/\/oxfam.symbiotisk.net\/en\/wp-json\/wp\/v2\/types\/page"}],"author":[{"embeddable":true,"href":"https:\/\/oxfam.symbiotisk.net\/en\/wp-json\/wp\/v2\/users\/7"}],"replies":[{"embeddable":true,"href":"https:\/\/oxfam.symbiotisk.net\/en\/wp-json\/wp\/v2\/comments?post=2612"}],"version-history":[{"count":1,"href":"https:\/\/oxfam.symbiotisk.net\/en\/wp-json\/wp\/v2\/pages\/2612\/revisions"}],"predecessor-version":[{"id":2614,"href":"https:\/\/oxfam.symbiotisk.net\/en\/wp-json\/wp\/v2\/pages\/2612\/revisions\/2614"}],"wp:featuredmedia":[{"embeddable":true,"href":"https:\/\/oxfam.symbiotisk.net\/en\/wp-json\/wp\/v2\/media\/853"}],"wp:attachment":[{"href":"https:\/\/oxfam.symbiotisk.net\/en\/wp-json\/wp\/v2\/media?parent=2612"}],"wp:term":[{"taxonomy":"author","embeddable":true,"href":"https:\/\/oxfam.symbiotisk.net\/en\/wp-json\/wp\/v2\/coauthors?post=2612"}],"curies":[{"name":"wp","href":"https:\/\/api.w.org\/{rel}","templated":true}]}}